{"id":6214,"date":"2026-01-02T18:04:31","date_gmt":"2026-01-02T18:04:31","guid":{"rendered":"https:\/\/galponesdeoctay.cl\/?page_id=6214"},"modified":"2026-01-12T20:03:47","modified_gmt":"2026-01-12T20:03:47","slug":"nosotros","status":"publish","type":"page","link":"https:\/\/galponesdeoctay.cl\/en\/nosotros\/","title":{"rendered":"Nosotros"},"content":{"rendered":"<div data-elementor-type=\"wp-post\" data-elementor-id=\"6214\" class=\"elementor elementor-6214\">\n\t\t\t\t\t\t<section class=\"elementor-section elementor-top-section elementor-element elementor-element-cefc38e elementor-section-full_width elementor-section-height-min-height elementor-section-stretched elementor-section-height-default elementor-section-items-middle\" data-id=\"cefc38e\" data-element_type=\"section\" data-settings=\"{&quot;stretch_section&quot;:&quot;section-stretched&quot;,&quot;background_background&quot;:&quot;classic&quot;}\">\n\t\t\t\t\t\t<div class=\"elementor-container elementor-column-gap-extended\">\n\t\t\t\t\t<div class=\"elementor-column elementor-col-100 elementor-top-column elementor-element elementor-element-3e0c5a8 sc_inner_width_none sc_content_align_inherit sc_layouts_column_icons_position_left\" data-id=\"3e0c5a8\" data-element_type=\"column\">\n\t\t\t<div class=\"elementor-widget-wrap elementor-element-populated\">\n\t\t\t\t\t\t<div class=\"elementor-element elementor-element-4cfa176 animation_type_block sc_fly_static elementor-widget elementor-widget-heading\" data-id=\"4cfa176\" data-element_type=\"widget\" data-widget_type=\"heading.default\">\n\t\t\t\t<div class=\"elementor-widget-container\">\n\t\t\t\t\t<h2 class=\"elementor-heading-title elementor-size-default\">El Proyecto<\/h2>\t\t\t\t<\/div>\n\t\t\t\t<\/div>\n\t\t\t\t\t<\/div>\n\t\t<\/div>\n\t\t\t\t\t<\/div>\n\t\t<\/section>\n\t\t\t\t<section class=\"elementor-section elementor-top-section elementor-element elementor-element-3470791 elementor-section-full_width elementor-section-height-default elementor-section-height-default\" data-id=\"3470791\" data-element_type=\"section\">\n\t\t\t\t\t\t<div class=\"elementor-container elementor-column-gap-extended\">\n\t\t\t\t\t<div class=\"elementor-column elementor-col-100 elementor-top-column elementor-element elementor-element-3345e22 sc_inner_width_none sc_content_align_inherit sc_layouts_column_icons_position_left\" data-id=\"3345e22\" data-element_type=\"column\">\n\t\t\t<div class=\"elementor-widget-wrap elementor-element-populated\">\n\t\t\t\t\t\t<div class=\"elementor-element elementor-element-2bbeeba animation_type_block sc_fly_static elementor-widget elementor-widget-image\" data-id=\"2bbeeba\" data-element_type=\"widget\" data-widget_type=\"image.default\">\n\t\t\t\t<div class=\"elementor-widget-container\">\n\t\t\t\t\t\t\t\t\t\t\t\t\t\t\t<img decoding=\"async\" width=\"73\" height=\"73\" src=\"https:\/\/galponesdeoctay.cl\/wp-content\/uploads\/2026\/01\/GDO_Guia-de-estilos-05.svg\" class=\"attachment-medium size-medium wp-image-6423\" alt=\"\" \/>\t\t\t\t\t\t\t\t\t\t\t\t\t\t\t<\/div>\n\t\t\t\t<\/div>\n\t\t\t\t<div class=\"elementor-element elementor-element-6b9405a animation_type_block sc_fly_static elementor-widget elementor-widget-spacer\" data-id=\"6b9405a\" data-element_type=\"widget\" data-widget_type=\"spacer.default\">\n\t\t\t\t<div class=\"elementor-widget-container\">\n\t\t\t\t\t\t\t<div class=\"elementor-spacer\">\n\t\t\t<div class=\"elementor-spacer-inner\"><\/div>\n\t\t<\/div>\n\t\t\t\t\t\t<\/div>\n\t\t\t\t<\/div>\n\t\t\t\t<div class=\"elementor-element elementor-element-7b124f3 animation_type_block sc_fly_static elementor-widget elementor-widget-heading\" data-id=\"7b124f3\" data-element_type=\"widget\" data-widget_type=\"heading.default\">\n\t\t\t\t<div class=\"elementor-widget-container\">\n\t\t\t\t\t<h2 class=\"elementor-heading-title elementor-size-default\">Galpones de Octay, Puerto creativo<\/h2>\t\t\t\t<\/div>\n\t\t\t\t<\/div>\n\t\t\t\t<div class=\"elementor-element elementor-element-60a1ad8 animation_type_block sc_fly_static elementor-widget elementor-widget-spacer\" data-id=\"60a1ad8\" data-element_type=\"widget\" data-widget_type=\"spacer.default\">\n\t\t\t\t<div class=\"elementor-widget-container\">\n\t\t\t\t\t\t\t<div class=\"elementor-spacer\">\n\t\t\t<div class=\"elementor-spacer-inner\"><\/div>\n\t\t<\/div>\n\t\t\t\t\t\t<\/div>\n\t\t\t\t<\/div>\n\t\t\t\t<div class=\"elementor-element elementor-element-21289f3 elementor-widget-divider--view-line animation_type_block sc_fly_static elementor-widget elementor-widget-divider\" data-id=\"21289f3\" data-element_type=\"widget\" data-widget_type=\"divider.default\">\n\t\t\t\t<div class=\"elementor-widget-container\">\n\t\t\t\t\t\t\t<div class=\"elementor-divider\">\n\t\t\t<span class=\"elementor-divider-separator\">\n\t\t\t\t\t\t<\/span>\n\t\t<\/div>\n\t\t\t\t\t\t<\/div>\n\t\t\t\t<\/div>\n\t\t\t\t\t<\/div>\n\t\t<\/div>\n\t\t\t\t\t<\/div>\n\t\t<\/section>\n\t\t\t\t<section class=\"elementor-section elementor-top-section elementor-element elementor-element-aa551cf elementor-section-full_width elementor-section-height-default elementor-section-height-default\" data-id=\"aa551cf\" data-element_type=\"section\">\n\t\t\t\t\t\t<div class=\"elementor-container elementor-column-gap-extended\">\n\t\t\t\t\t<div class=\"elementor-column elementor-col-100 elementor-top-column elementor-element elementor-element-f0af81f sc_inner_width_none sc_content_align_inherit sc_layouts_column_icons_position_left\" data-id=\"f0af81f\" data-element_type=\"column\">\n\t\t\t<div class=\"elementor-widget-wrap elementor-element-populated\">\n\t\t\t\t\t\t<div class=\"elementor-element elementor-element-e726821 animation_type_block sc_fly_static elementor-widget elementor-widget-spacer\" data-id=\"e726821\" data-element_type=\"widget\" data-widget_type=\"spacer.default\">\n\t\t\t\t<div class=\"elementor-widget-container\">\n\t\t\t\t\t\t\t<div class=\"elementor-spacer\">\n\t\t\t<div class=\"elementor-spacer-inner\"><\/div>\n\t\t<\/div>\n\t\t\t\t\t\t<\/div>\n\t\t\t\t<\/div>\n\t\t\t\t<div class=\"elementor-element elementor-element-9a0db6f animation_type_block sc_fly_static elementor-widget elementor-widget-heading\" data-id=\"9a0db6f\" data-element_type=\"widget\" data-widget_type=\"heading.default\">\n\t\t\t\t<div class=\"elementor-widget-container\">\n\t\t\t\t\t<h2 class=\"elementor-heading-title elementor-size-default\">Somos un centro cultural que busca difundir y compartir los oficios que han dado forma a nuestra historia. Desde la ribera del Lago Llanquihue, buscamos ser un lugar de aprendizaje e inspiraci\u00f3n. <\/h2>\t\t\t\t<\/div>\n\t\t\t\t<\/div>\n\t\t\t\t<div class=\"elementor-element elementor-element-c8c904c animation_type_block sc_fly_static elementor-widget elementor-widget-spacer\" data-id=\"c8c904c\" data-element_type=\"widget\" data-widget_type=\"spacer.default\">\n\t\t\t\t<div class=\"elementor-widget-container\">\n\t\t\t\t\t\t\t<div class=\"elementor-spacer\">\n\t\t\t<div class=\"elementor-spacer-inner\"><\/div>\n\t\t<\/div>\n\t\t\t\t\t\t<\/div>\n\t\t\t\t<\/div>\n\t\t\t\t<section class=\"elementor-section elementor-inner-section elementor-element elementor-element-cff69d1 elementor-section-full_width elementor-section-height-default elementor-section-height-default\" data-id=\"cff69d1\" data-element_type=\"section\">\n\t\t\t\t\t\t<div class=\"elementor-container elementor-column-gap-extended\">\n\t\t\t\t\t<div class=\"elementor-column elementor-col-50 elementor-inner-column elementor-element elementor-element-96d6cf7 sc_inner_width_none sc_content_align_inherit sc_layouts_column_icons_position_left\" data-id=\"96d6cf7\" data-element_type=\"column\">\n\t\t\t<div class=\"elementor-widget-wrap elementor-element-populated\">\n\t\t\t\t\t\t<div class=\"elementor-element elementor-element-76403a6 animation_type_block sc_fly_static elementor-widget elementor-widget-heading\" data-id=\"76403a6\" data-element_type=\"widget\" data-widget_type=\"heading.default\">\n\t\t\t\t<div class=\"elementor-widget-container\">\n\t\t\t\t\t<h4 class=\"elementor-heading-title elementor-size-default\">Durante gran parte de la segunda mitad del siglo XX, este conjunto de galpones fue un punto clave en la cadena agr\u00edcola de la cuenca del Lago Llanquihue. Aqu\u00ed llegaban las papas cultivadas en los campos de la zona para ser limpiadas, seleccionadas y almacenadas antes de su distribuci\u00f3n.<\/h4>\t\t\t\t<\/div>\n\t\t\t\t<\/div>\n\t\t\t\t\t<\/div>\n\t\t<\/div>\n\t\t\t\t<div class=\"elementor-column elementor-col-50 elementor-inner-column elementor-element elementor-element-45d04b2 sc_inner_width_none sc_content_align_inherit sc_layouts_column_icons_position_left\" data-id=\"45d04b2\" data-element_type=\"column\">\n\t\t\t<div class=\"elementor-widget-wrap elementor-element-populated\">\n\t\t\t\t\t\t<div class=\"elementor-element elementor-element-692a87a animation_type_block sc_fly_static elementor-widget elementor-widget-heading\" data-id=\"692a87a\" data-element_type=\"widget\" data-widget_type=\"heading.default\">\n\t\t\t\t<div class=\"elementor-widget-container\">\n\t\t\t\t\t<h4 class=\"elementor-heading-title elementor-size-default\">En este lugar encontrar\u00e1s distintas iniciativas de experiencias creativas: museos, talleres, colecciones...distintas miradas articuladas en torno al trabajo manual y la creatividad.<\/h4>\t\t\t\t<\/div>\n\t\t\t\t<\/div>\n\t\t\t\t\t<\/div>\n\t\t<\/div>\n\t\t\t\t\t<\/div>\n\t\t<\/section>\n\t\t\t\t<section class=\"elementor-section elementor-inner-section elementor-element elementor-element-45b05bc elementor-section-full_width elementor-section-height-default elementor-section-height-default\" data-id=\"45b05bc\" data-element_type=\"section\">\n\t\t\t\t\t\t<div class=\"elementor-container elementor-column-gap-extended\">\n\t\t\t\t\t<div class=\"elementor-column elementor-col-100 elementor-inner-column elementor-element elementor-element-b5c48a9 sc_inner_width_none sc_content_align_inherit sc_layouts_column_icons_position_left\" data-id=\"b5c48a9\" data-element_type=\"column\" data-settings=\"{&quot;background_background&quot;:&quot;classic&quot;}\">\n\t\t\t<div class=\"elementor-widget-wrap elementor-element-populated\">\n\t\t\t\t\t\t<div class=\"elementor-element elementor-element-8e67e8a animation_type_block sc_fly_static elementor-widget elementor-widget-image\" data-id=\"8e67e8a\" data-element_type=\"widget\" data-widget_type=\"image.default\">\n\t\t\t\t<div class=\"elementor-widget-container\">\n\t\t\t\t\t\t\t\t\t\t\t\t\t\t\t<img fetchpriority=\"high\" decoding=\"async\" width=\"1024\" height=\"697\" src=\"https:\/\/galponesdeoctay.cl\/wp-content\/uploads\/2026\/01\/Plano-1.svg\" class=\"attachment-large size-large wp-image-6422\" alt=\"\" \/>\t\t\t\t\t\t\t\t\t\t\t\t\t\t\t<\/div>\n\t\t\t\t<\/div>\n\t\t\t\t\t<\/div>\n\t\t<\/div>\n\t\t\t\t\t<\/div>\n\t\t<\/section>\n\t\t\t\t<div class=\"elementor-element elementor-element-e9f6ad6 animation_type_block sc_fly_static elementor-widget elementor-widget-heading\" data-id=\"e9f6ad6\" data-element_type=\"widget\" data-widget_type=\"heading.default\">\n\t\t\t\t<div class=\"elementor-widget-container\">\n\t\t\t\t\t<h6 class=\"elementor-heading-title elementor-size-default\">RESTAURACI\u00d3N<\/h6>\t\t\t\t<\/div>\n\t\t\t\t<\/div>\n\t\t\t\t<div class=\"elementor-element elementor-element-cbadaab animation_type_block sc_fly_static elementor-widget elementor-widget-heading\" data-id=\"cbadaab\" data-element_type=\"widget\" data-widget_type=\"heading.default\">\n\t\t\t\t<div class=\"elementor-widget-container\">\n\t\t\t\t\t<h2 class=\"elementor-heading-title elementor-size-default\">Restaurar para volver a habitar<\/h2>\t\t\t\t<\/div>\n\t\t\t\t<\/div>\n\t\t\t\t<div class=\"elementor-element elementor-element-ce7b527 sc_height_small elementor-widget-divider--view-line animation_type_block sc_fly_static elementor-widget elementor-widget-divider\" data-id=\"ce7b527\" data-element_type=\"widget\" data-widget_type=\"divider.default\">\n\t\t\t\t<div class=\"elementor-widget-container\">\n\t\t\t\t\t\t\t<div class=\"elementor-divider\">\n\t\t\t<span class=\"elementor-divider-separator\">\n\t\t\t\t\t\t<\/span>\n\t\t<\/div>\n\t\t\t\t\t\t<\/div>\n\t\t\t\t<\/div>\n\t\t\t\t<div class=\"elementor-element elementor-element-8b20d3f animation_type_block sc_fly_static elementor-widget elementor-widget-text-editor\" data-id=\"8b20d3f\" data-element_type=\"widget\" data-widget_type=\"text-editor.default\">\n\t\t\t\t<div class=\"elementor-widget-container\">\n\t\t\t\t\t\t\t\t\t<p class=\"p1\">La Zona T\u00edpica de Puerto Octay fue declarada en el a\u00f1o 2010 por el Consejo de Monumentos Nacionales, con el objetivo de proteger su identidad patrimonial. Su superficie es de 23 hect\u00e1reas en el centro antiguo del pueblo, incluyendo los Galpones de Octay.<\/p><p class=\"p1\">En el a\u00f1o 2017, la Familia Puchi Reyes adquiere esta propiedad que estuvo por a\u00f1os abandonada. Las edificaciones, a pesar de ser de maderas nativas como el roble pell\u00edn, mostraban un avanzado deterioro: los pilares, fijados directamente a la tierra, mostraban da\u00f1os por humedad, y la cubierta mostraba signos de deformaci\u00f3n estructural en su cumbreras y superficies de tejuelas. Por otro lado, el ingreso constante de lluvia aceler\u00f3 el desgaste de las maderas. Este valioso patrimonio estaba en serio riesgo. Se comenz\u00f3 as\u00ed el proyecto de restauraci\u00f3n patrimonial liderado por el arquitecto Rodrigo Puchi, que fue luego aprobado por el Consejo de Monumentos Nacionales.<\/p><p class=\"p1\">Un equipo de ingeniosos maestros locales, llevaron a cabo la tit\u00e1nica tarea de nivelaci\u00f3n. El objetivo era fundar los Galpones sobre fundaciones nuevas, ya que los pilares estaban enterrados en tierra. Para ello se tuvo que \u201csuspender\u201d parte importante del galp\u00f3n, mediante alza primas y tensores, para poder construir nuevas fundaciones perimetrales donde se apoyan los pilares nuevamente.<\/p><p class=\"p1\">Luego se procedi\u00f3 a bajar la nave y nivelar la totalidad de la estructura, cumbreras y superficies de la cubierta. Los pilares y muros fueron aplomados, y la estructura fue reforzada mediante diagonales. Finalmente, se instal\u00f3 una nueva cubierta met\u00e1lica sobre las antiguas tejuelas\u2014que se conservaron como terminaci\u00f3n interior\u2014 y se reemplazaron los antiguos pisos de tierra por losas de hormig\u00f3n, dando mayor durabilidad y uso al espacio.<\/p><p class=\"p1\">La restauraci\u00f3n tambi\u00e9n puso especial atenci\u00f3n en su relaci\u00f3n con el entorno. El conjunto vuelve a abrirse hacia el paisaje lacustre, recuperando vistas hist\u00f3ricas hacia el Lago Llanquihue y del humedal circundante.<\/p><p class=\"p1\">Los Galpones que vemos hoy conservan la esencia de su pasado, historia y memoria, recuperando su belleza arquitect\u00f3nica y estructural, su valor patrimonial y su v\u00ednculo con el paisaje, haci\u00e9ndolo un \u201cpatrimonio vivo\u201d con un uso nuevo, abri\u00e9ndose como un espacio cultural, de arte y oficios, y proyectando un futuro nuevo en torno a la creatividad.<\/p>\t\t\t\t\t\t\t\t<\/div>\n\t\t\t\t<\/div>\n\t\t\t\t\t<\/div>\n\t\t<\/div>\n\t\t\t\t\t<\/div>\n\t\t<\/section>\n\t\t\t\t<section class=\"elementor-section elementor-top-section elementor-element elementor-element-f0a7c1a elementor-section-stretched elementor-section-boxed elementor-section-height-default elementor-section-height-default\" data-id=\"f0a7c1a\" data-element_type=\"section\" data-settings=\"{&quot;stretch_section&quot;:&quot;section-stretched&quot;}\">\n\t\t\t\t\t\t<div class=\"elementor-container elementor-column-gap-extended\">\n\t\t\t\t\t<div class=\"elementor-column elementor-col-100 elementor-top-column elementor-element elementor-element-3abccfa sc_inner_width_none sc_content_align_inherit sc_layouts_column_icons_position_left\" data-id=\"3abccfa\" data-element_type=\"column\">\n\t\t\t<div class=\"elementor-widget-wrap elementor-element-populated\">\n\t\t\t\t\t\t<div class=\"elementor-element elementor-element-48348e4 elementor-widget__width-inherit animation_type_block sc_fly_static elementor-widget elementor-widget-ucaddon_simple_slider\" data-id=\"48348e4\" data-element_type=\"widget\" data-widget_type=\"ucaddon_simple_slider.default\">\n\t\t\t\t<div class=\"elementor-widget-container\">\n\t\t\t\t\t\n<!-- start Simple Slider -->\n\t\t<link id='font-awesome-css' href='https:\/\/galponesdeoctay.cl\/wp-content\/plugins\/unlimited-elements-for-elementor\/assets_libraries\/font-awesome6\/fontawesome-all.min.css' type='text\/css' rel='stylesheet' >\n\t\t<link id='font-awesome-4-shim-css' href='https:\/\/galponesdeoctay.cl\/wp-content\/plugins\/unlimited-elements-for-elementor\/assets_libraries\/font-awesome6\/fontawesome-v4-shims.min.css' type='text\/css' rel='stylesheet' >\n\t\t<link id='uc_ac_assets_file_slick_css_1729-css' href='https:\/\/galponesdeoctay.cl\/wp-content\/uploads\/ac_assets\/simple_animated_slider\/slick.css' type='text\/css' rel='stylesheet' >\n\n<style>\/* widget: Simple Slider *\/\n\n#uc_simple_slider_elementor_48348e4 .elementor-section{\n  left: 0 !important;\n}\n\n#uc_simple_slider_elementor_48348e4\n{\n  overflow:hidden;\n  direction:ltr;\n}\n#uc_simple_slider_elementor_48348e4 .ue_slide {\n  position: relative;\n}\n#uc_simple_slider_elementor_48348e4 .slide__img {\n  width: 100%;\n  height: auto;\n  overflow: hidden;\n}\n\n#uc_simple_slider_elementor_48348e4 .slide__img img {\n  max-width: 100%;\n  height: auto;\n  opacity: 1 !important;          \n  animation-duration: 3s;\n  transition: all 1s ease;\n}\n#uc_simple_slider_elementor_48348e4 .slide__content {\n  position: absolute;\n  top: 50%;\n  left: 50%;\n  transform: translate(-50%, -50%);\n}\n#uc_simple_slider_elementor_48348e4 .slide__content--headings {\n  text-align: center;\n  color: #FFF;\n}\n#uc_simple_slider_elementor_48348e4 .slide__content--headings h2 {\n}\n#uc_simple_slider_elementor_48348e4 .slide__content--headings .animated {\n  transition: all 0.5s ease;\n}\n.ue_simple_slider_title\n{\n  font-size:26px;\n}\n\n#uc_simple_slider_elementor_48348e4 .ue_simple_slider_button a{\n\n  display:inline-block;\n  text-align:center;\n  text-decoration:none;\n}  \n\n\n#uc_simple_slider_elementor_48348e4 .slick-prev{\n    position:absolute;\n    left:30px;\n    display:flex !important;\n    align-items:center;\n    justify-content:center;\n    text-align:center;\n    z-index:101;\n    border:none;\n    outline:none;\n}\n#uc_simple_slider_elementor_48348e4 .slick-next{\n  position:absolute;\n  right:30px;\n  display:flex !important;\n  align-items:center;\n    justify-content:center;\n  text-align:center;\n  z-index:101;\n  border:none;\n  outline:none;\n}\n\n#uc_simple_slider_elementor_48348e4 .ue_slide_overlay\n{\n  position:absolute;\n  top:0;\n  bottom:0;\n  left:0;\n  right:0;\n}\n\n#uc_simple_slider_elementor_48348e4 .ue_slide_link_overlay\n{\n  position:absolute;\n  top:0;\n  bottom:0;\n  left:0;\n  right:0;\n  display:block;\n  z-index:1;\n}\n\n.slick-dotted.slick-slider\n{\n  margin-bottom:0px !important;\n}\n\n\n\n\n.slick-dots {\n  position: absolute;\n  list-style: none;\n  display: block;\n  text-align: center;\n  padding: 0;\n  margin: 0;\n  width: 100%;\n  z-index:2;\n}\n.slick-dots li {\n  position: relative;\n  display: inline-block;\n  margin: 0 5px;\n  padding: 0;\n  cursor: pointer;\n}\n.slick-dots li button {\n  border: 0;\n  display: block;\n  outline: none;\n  line-height: 0px;\n  font-size: 0px;\n  color: transparent;\n  padding: 5px;\n  cursor: pointer;\n  transition: all 0.3s ease;\n}\n.slick-dots li button:hover,\n.slick-dots li button:focus {\n  outline: none;\n}\n.simple-dots .slick-dots li {\n\n}\n.simple-dots .slick-dots li button {\n  border-radius: 50%;\n}\n\n.stick-dots .slick-dots li button {\n  position: relative;\n  padding: 0;\n}\n\n<\/style>\n\n<div class=\"ue_slider stick-dots\" id=\"uc_simple_slider_elementor_48348e4\" >\n    <div class=\"ue_slide\" style=\"background-image:url(https:\/\/galponesdeoctay.cl\/wp-content\/uploads\/2026\/01\/GALPONES-FOTOS-10-scaled.jpg);background-size:cover;background-position:center center;\">\n  <div class=\"ue_slide_overlay\"><\/div>  \n     \n      <div class=\"slide__content\" style=\"position:relative; z-index:1;\">\n        <div class=\"slide__content--headings\">\n                                         <\/div>\n      <\/div>\n          \n<\/div>\n<div class=\"ue_slide\" style=\"background-image:url(https:\/\/galponesdeoctay.cl\/wp-content\/uploads\/2026\/01\/IMG_9257-scaled.jpg);background-size:cover;background-position:center center;\">\n  <div class=\"ue_slide_overlay\"><\/div>  \n     \n      <div class=\"slide__content\" style=\"position:relative; z-index:1;\">\n        <div class=\"slide__content--headings\">\n                                         <\/div>\n      <\/div>\n          \n<\/div>\n<div class=\"ue_slide\" style=\"background-image:url(https:\/\/galponesdeoctay.cl\/wp-content\/uploads\/2026\/01\/IMG_5999-scaled.jpg);background-size:cover;background-position:center center;\">\n  <div class=\"ue_slide_overlay\"><\/div>  \n     \n      <div class=\"slide__content\" style=\"position:relative; z-index:1;\">\n        <div class=\"slide__content--headings\">\n                                         <\/div>\n      <\/div>\n          \n<\/div>\n<div class=\"ue_slide\" style=\"background-image:url(https:\/\/galponesdeoctay.cl\/wp-content\/uploads\/2026\/01\/IMG_9855-1-scaled.jpg);background-size:cover;background-position:center center;\">\n  <div class=\"ue_slide_overlay\"><\/div>  \n     \n      <div class=\"slide__content\" style=\"position:relative; z-index:1;\">\n        <div class=\"slide__content--headings\">\n                                 <div class=\"ue_simple_slider_button\"><a class=\"uc_more_btn\" href=\"#\" >Learn More<\/a><\/div>        <\/div>\n      <\/div>\n          \n<\/div>\n\n<\/div>\n<!-- end Simple Slider -->\t\t\t\t<\/div>\n\t\t\t\t<\/div>\n\t\t\t\t\t<\/div>\n\t\t<\/div>\n\t\t\t\t\t<\/div>\n\t\t<\/section>\n\t\t\t\t<section class=\"elementor-section elementor-top-section elementor-element elementor-element-f79b166 elementor-section-boxed elementor-section-height-default elementor-section-height-default\" data-id=\"f79b166\" data-element_type=\"section\">\n\t\t\t\t\t\t<div class=\"elementor-container elementor-column-gap-extended\">\n\t\t\t\t\t<div class=\"elementor-column elementor-col-100 elementor-top-column elementor-element elementor-element-d1dc49f sc_inner_width_none sc_content_align_inherit sc_layouts_column_icons_position_left\" data-id=\"d1dc49f\" data-element_type=\"column\">\n\t\t\t<div class=\"elementor-widget-wrap elementor-element-populated\">\n\t\t\t\t\t\t<div class=\"elementor-element elementor-element-83421dc animation_type_block sc_fly_static elementor-widget elementor-widget-spacer\" data-id=\"83421dc\" data-element_type=\"widget\" data-widget_type=\"spacer.default\">\n\t\t\t\t<div class=\"elementor-widget-container\">\n\t\t\t\t\t\t\t<div class=\"elementor-spacer\">\n\t\t\t<div class=\"elementor-spacer-inner\"><\/div>\n\t\t<\/div>\n\t\t\t\t\t\t<\/div>\n\t\t\t\t<\/div>\n\t\t\t\t\t<\/div>\n\t\t<\/div>\n\t\t\t\t\t<\/div>\n\t\t<\/section>\n\t\t\t\t<\/div>","protected":false},"excerpt":{"rendered":"<p>El Proyecto Galpones de Octay, Puerto creativo Somos un centro cultural que busca difundir y compartir los oficios que han dado forma a nuestra historia. Desde la ribera del Lago Llanquihue, buscamos ser un lugar de aprendizaje e inspiraci\u00f3n. Durante gran parte de la segunda&hellip;<\/p>","protected":false},"author":1,"featured_media":0,"parent":0,"menu_order":0,"comment_status":"closed","ping_status":"closed","template":"elementor_header_footer","meta":{"footnotes":""},"class_list":["post-6214","page","type-page","status-publish","hentry"],"_links":{"self":[{"href":"https:\/\/galponesdeoctay.cl\/en\/wp-json\/wp\/v2\/pages\/6214","targetHints":{"allow":["GET"]}}],"collection":[{"href":"https:\/\/galponesdeoctay.cl\/en\/wp-json\/wp\/v2\/pages"}],"about":[{"href":"https:\/\/galponesdeoctay.cl\/en\/wp-json\/wp\/v2\/types\/page"}],"author":[{"embeddable":true,"href":"https:\/\/galponesdeoctay.cl\/en\/wp-json\/wp\/v2\/users\/1"}],"replies":[{"embeddable":true,"href":"https:\/\/galponesdeoctay.cl\/en\/wp-json\/wp\/v2\/comments?post=6214"}],"version-history":[{"count":112,"href":"https:\/\/galponesdeoctay.cl\/en\/wp-json\/wp\/v2\/pages\/6214\/revisions"}],"predecessor-version":[{"id":6968,"href":"https:\/\/galponesdeoctay.cl\/en\/wp-json\/wp\/v2\/pages\/6214\/revisions\/6968"}],"wp:attachment":[{"href":"https:\/\/galponesdeoctay.cl\/en\/wp-json\/wp\/v2\/media?parent=6214"}],"curies":[{"name":"wp","href":"https:\/\/api.w.org\/{rel}","templated":true}]}}