{"id":6287,"date":"2026-01-02T20:03:30","date_gmt":"2026-01-02T20:03:30","guid":{"rendered":"https:\/\/galponesdeoctay.cl\/?page_id=6287"},"modified":"2026-01-16T18:16:15","modified_gmt":"2026-01-16T18:16:15","slug":"que-encontraras","status":"publish","type":"page","link":"https:\/\/galponesdeoctay.cl\/en\/que-encontraras\/","title":{"rendered":"Qu\u00e9 encontrar\u00e1s"},"content":{"rendered":"<div data-elementor-type=\"wp-post\" data-elementor-id=\"6287\" class=\"elementor elementor-6287\">\n\t\t\t\t\t\t<section class=\"elementor-section elementor-top-section elementor-element elementor-element-cefc38e elementor-section-full_width elementor-section-height-min-height elementor-section-stretched elementor-section-height-default elementor-section-items-middle\" data-id=\"cefc38e\" data-element_type=\"section\" data-settings=\"{&quot;stretch_section&quot;:&quot;section-stretched&quot;,&quot;background_background&quot;:&quot;classic&quot;}\">\n\t\t\t\t\t\t<div class=\"elementor-container elementor-column-gap-extended\">\n\t\t\t\t\t<div class=\"elementor-column elementor-col-100 elementor-top-column elementor-element elementor-element-3e0c5a8 sc_inner_width_none sc_content_align_inherit sc_layouts_column_icons_position_left\" data-id=\"3e0c5a8\" data-element_type=\"column\">\n\t\t\t<div class=\"elementor-widget-wrap elementor-element-populated\">\n\t\t\t\t\t\t<div class=\"elementor-element elementor-element-4cfa176 animation_type_block sc_fly_static elementor-widget elementor-widget-heading\" data-id=\"4cfa176\" data-element_type=\"widget\" data-widget_type=\"heading.default\">\n\t\t\t\t<div class=\"elementor-widget-container\">\n\t\t\t\t\t<h2 class=\"elementor-heading-title elementor-size-default\">Qu\u00e9 encontrar\u00e1s<\/h2>\t\t\t\t<\/div>\n\t\t\t\t<\/div>\n\t\t\t\t\t<\/div>\n\t\t<\/div>\n\t\t\t\t\t<\/div>\n\t\t<\/section>\n\t\t\t\t<section class=\"elementor-section elementor-top-section elementor-element elementor-element-84a54d3 elementor-section-boxed elementor-section-height-default elementor-section-height-default\" data-id=\"84a54d3\" data-element_type=\"section\">\n\t\t\t\t\t\t<div class=\"elementor-container elementor-column-gap-extended\">\n\t\t\t\t\t<div class=\"elementor-column elementor-col-100 elementor-top-column elementor-element elementor-element-48b1783 sc_inner_width_none sc_content_align_inherit sc_layouts_column_icons_position_left\" data-id=\"48b1783\" data-element_type=\"column\">\n\t\t\t<div class=\"elementor-widget-wrap elementor-element-populated\">\n\t\t\t\t\t\t<div class=\"elementor-element elementor-element-b5ea53f animation_type_block sc_fly_static elementor-widget elementor-widget-trx_sc_portfolio\" data-id=\"b5ea53f\" data-element_type=\"widget\" data-widget_type=\"trx_sc_portfolio.default\">\n\t\t\t\t<div class=\"elementor-widget-container\">\n\t\t\t\t\t<div  id=\"trx_sc_portfolio_1472911292\"\t\tclass=\"sc_portfolio sc_portfolio_default\"><div class=\"sc_portfolio_columns_wrap sc_item_columns sc_item_posts_container trx_addons_columns_wrap columns_padding_bottom columns_in_single_row\"><div class=\"trx_addons_column-1_3\"><div data-post-id=\"2914\" class=\"sc_portfolio_item\">\n\t<div class=\"post_featured with_thumb hover_view sc_portfolio_item_thumb\"><img fetchpriority=\"high\" decoding=\"async\" width=\"370\" height=\"208\" src=\"https:\/\/galponesdeoctay.cl\/wp-content\/uploads\/2026\/02\/Que-encontraras_01_Museo-Taller-1-370x208.webp\" class=\"attachment-ozeum-thumb-med size-ozeum-thumb-med wp-post-image\" alt=\"\" srcset=\"https:\/\/galponesdeoctay.cl\/wp-content\/uploads\/2026\/02\/Que-encontraras_01_Museo-Taller-1-370x208.webp 370w, https:\/\/galponesdeoctay.cl\/wp-content\/uploads\/2026\/02\/Que-encontraras_01_Museo-Taller-1-270x152.webp 270w\" sizes=\"(max-width: 370px) 100vw, 370px\" \/>\t\t\t\t\t\t<div class=\"mask\"><\/div>\n\t\t\t\t\t\t            <a href=\"https:\/\/galponesdeoctay.cl\/en\/portfolio\/museo-taller\/\"  aria-hidden=\"true\" class=\"view\"><span>View<\/span><\/a>\n            <\/div>\t\n\t<div class=\"sc_portfolio_item_info\">\n\t\t<div class=\"sc_portfolio_item_header\">\n\t\t\t<h4 class=\"sc_portfolio_item_title entry-title\"><a href=\"https:\/\/galponesdeoctay.cl\/en\/portfolio\/museo-taller\/\">Museo Taller<\/a><\/h4>\n\t\t\t<div class=\"sc_portfolio_item_subtitle\"><a href=\"https:\/\/galponesdeoctay.cl\/en\/portfolio_group\/exposicion\/\" title=\"View all posts in Exposici\u00f3n\">Exposici\u00f3n, <\/a><a href=\"https:\/\/galponesdeoctay.cl\/en\/portfolio_group\/talleres\/\" title=\"View all posts in Talleres\">Talleres<\/a><\/div>\n\t\t<\/div><div class=\"sc_portfolio_item_content\"><p>Museo Taller abre sus puertas en Puerto Octay, ofreciendo una visita guiada por su colecci\u00f3n de herramientas de carpinter\u00eda y un taller pr\u00e1ctico para realizar un jueguete de madera. De martes a domingo 10:00 a 20:00 horas<\/p>\n<\/div><div class=\"sc_portfolio_item_button sc_item_button\"><a href=\"https:\/\/galponesdeoctay.cl\/en\/portfolio\/museo-taller\/\" class=\"sc_button sc_button_simple\">Ver m\u00e1s<\/a><\/div><\/div>\n<\/div><\/div><div class=\"trx_addons_column-1_3\"><div data-post-id=\"6991\" class=\"sc_portfolio_item\">\n\t\t\n\t<div class=\"sc_portfolio_item_info\">\n\t\t<div class=\"sc_portfolio_item_header\">\n\t\t\t<h4 class=\"sc_portfolio_item_title entry-title\"><a href=\"https:\/\/galponesdeoctay.cl\/en\/portfolio\/botes-de-octay\/\">Botes de Octay<\/a><\/h4>\n\t\t\t<div class=\"sc_portfolio_item_subtitle\"><a href=\"https:\/\/galponesdeoctay.cl\/en\/portfolio_group\/talleres\/\" title=\"View all posts in Talleres\">Talleres<\/a><\/div>\n\t\t<\/div><div class=\"sc_portfolio_item_content\"><p>Botes de Octay nace como una organizaci\u00f3n que busca recuperar la carpinter\u00eda naval, como oficio e historia de Puerto Octay, ofreciendo talleres para realizar tu propia embarcaci\u00f3n. Hoy se expande a ofrecer varirados talleres de carpinter\u00eda creativa.<\/p>\n<\/div><div class=\"sc_portfolio_item_button sc_item_button\"><a href=\"https:\/\/galponesdeoctay.cl\/en\/portfolio\/botes-de-octay\/\" class=\"sc_button sc_button_simple\">Ver m\u00e1s<\/a><\/div><\/div>\n<\/div><\/div><\/div><\/div><!-- \/.sc_portfolio -->\t\t\t\t<\/div>\n\t\t\t\t<\/div>\n\t\t\t\t\t<\/div>\n\t\t<\/div>\n\t\t\t\t\t<\/div>\n\t\t<\/section>\n\t\t\t\t<section class=\"elementor-section elementor-top-section elementor-element elementor-element-3291e54 sc_layouts_hide_on_wide sc_layouts_hide_on_desktop sc_layouts_hide_on_notebook sc_layouts_hide_on_tablet sc_layouts_hide_on_mobile elementor-section-boxed elementor-section-height-default elementor-section-height-default\" data-id=\"3291e54\" data-element_type=\"section\">\n\t\t\t\t\t\t<div class=\"elementor-container elementor-column-gap-extended\">\n\t\t\t\t\t<div class=\"elementor-column elementor-col-33 elementor-top-column elementor-element elementor-element-89f782b sc_inner_width_none sc_content_align_inherit sc_layouts_column_icons_position_left\" data-id=\"89f782b\" data-element_type=\"column\">\n\t\t\t<div class=\"elementor-widget-wrap elementor-element-populated\">\n\t\t\t\t\t\t<div class=\"elementor-element elementor-element-dfbc62c animation_type_block sc_fly_static elementor-widget elementor-widget-image\" data-id=\"dfbc62c\" data-element_type=\"widget\" data-widget_type=\"image.default\">\n\t\t\t\t<div class=\"elementor-widget-container\">\n\t\t\t\t\t\t\t\t\t\t\t\t\t\t\t<img decoding=\"async\" src=\"https:\/\/galponesdeoctay.cl\/wp-content\/uploads\/2026\/01\/Museo-Taller2.png\" title=\"\" alt=\"\" loading=\"lazy\" \/>\t\t\t\t\t\t\t\t\t\t\t\t\t\t\t<\/div>\n\t\t\t\t<\/div>\n\t\t\t\t<div class=\"elementor-element elementor-element-6e830c7 animation_type_block sc_fly_static elementor-widget elementor-widget-heading\" data-id=\"6e830c7\" data-element_type=\"widget\" data-widget_type=\"heading.default\">\n\t\t\t\t<div class=\"elementor-widget-container\">\n\t\t\t\t\t<h4 class=\"elementor-heading-title elementor-size-default\">Museo Taller<\/h4>\t\t\t\t<\/div>\n\t\t\t\t<\/div>\n\t\t\t\t\t<\/div>\n\t\t<\/div>\n\t\t\t\t<div class=\"elementor-column elementor-col-33 elementor-top-column elementor-element elementor-element-36bac70 sc_inner_width_none sc_content_align_inherit sc_layouts_column_icons_position_left\" data-id=\"36bac70\" data-element_type=\"column\">\n\t\t\t<div class=\"elementor-widget-wrap elementor-element-populated\">\n\t\t\t\t\t\t<div class=\"elementor-element elementor-element-75b9d25 animation_type_block sc_fly_static elementor-widget elementor-widget-image\" data-id=\"75b9d25\" data-element_type=\"widget\" data-widget_type=\"image.default\">\n\t\t\t\t<div class=\"elementor-widget-container\">\n\t\t\t\t\t\t\t\t\t\t\t\t\t\t\t<img decoding=\"async\" src=\"https:\/\/galponesdeoctay.cl\/wp-content\/uploads\/2026\/01\/Botes-de-Octay2.png\" title=\"\" alt=\"\" loading=\"lazy\" \/>\t\t\t\t\t\t\t\t\t\t\t\t\t\t\t<\/div>\n\t\t\t\t<\/div>\n\t\t\t\t<div class=\"elementor-element elementor-element-1ed6f8b animation_type_block sc_fly_static elementor-widget elementor-widget-heading\" data-id=\"1ed6f8b\" data-element_type=\"widget\" data-widget_type=\"heading.default\">\n\t\t\t\t<div class=\"elementor-widget-container\">\n\t\t\t\t\t<h4 class=\"elementor-heading-title elementor-size-default\">Botes de Octay<\/h4>\t\t\t\t<\/div>\n\t\t\t\t<\/div>\n\t\t\t\t\t<\/div>\n\t\t<\/div>\n\t\t\t\t<div class=\"elementor-column elementor-col-33 elementor-top-column elementor-element elementor-element-f9686d2 sc_inner_width_none sc_content_align_inherit sc_layouts_column_icons_position_left\" data-id=\"f9686d2\" data-element_type=\"column\">\n\t\t\t<div class=\"elementor-widget-wrap elementor-element-populated\">\n\t\t\t\t\t\t<div class=\"elementor-element elementor-element-d8d68a7 animation_type_block sc_fly_static elementor-widget elementor-widget-image\" data-id=\"d8d68a7\" data-element_type=\"widget\" data-widget_type=\"image.default\">\n\t\t\t\t<div class=\"elementor-widget-container\">\n\t\t\t\t\t\t\t\t\t\t\t\t\t\t\t<img decoding=\"async\" src=\"https:\/\/galponesdeoctay.cl\/wp-content\/uploads\/2026\/01\/MUSEO-JUGUEte2-1.png\" title=\"\" alt=\"\" loading=\"lazy\" \/>\t\t\t\t\t\t\t\t\t\t\t\t\t\t\t<\/div>\n\t\t\t\t<\/div>\n\t\t\t\t<div class=\"elementor-element elementor-element-17f2d46 animation_type_block sc_fly_static elementor-widget elementor-widget-heading\" data-id=\"17f2d46\" data-element_type=\"widget\" data-widget_type=\"heading.default\">\n\t\t\t\t<div class=\"elementor-widget-container\">\n\t\t\t\t\t<h4 class=\"elementor-heading-title elementor-size-default\">Museo F\u00e1brica del Juguete<\/h4>\t\t\t\t<\/div>\n\t\t\t\t<\/div>\n\t\t\t\t\t<\/div>\n\t\t<\/div>\n\t\t\t\t\t<\/div>\n\t\t<\/section>\n\t\t\t\t<section class=\"elementor-section elementor-top-section elementor-element elementor-element-896ecc0 elementor-section-boxed elementor-section-height-default elementor-section-height-default\" data-id=\"896ecc0\" data-element_type=\"section\">\n\t\t\t\t\t\t<div class=\"elementor-container elementor-column-gap-extended\">\n\t\t\t\t\t<div class=\"elementor-column elementor-col-100 elementor-top-column elementor-element elementor-element-ed5bac8 sc_inner_width_none sc_content_align_inherit sc_layouts_column_icons_position_left\" data-id=\"ed5bac8\" data-element_type=\"column\">\n\t\t\t<div class=\"elementor-widget-wrap elementor-element-populated\">\n\t\t\t\t\t\t<div class=\"elementor-element elementor-element-b0b40c0 animation_type_block sc_fly_static elementor-widget elementor-widget-spacer\" data-id=\"b0b40c0\" data-element_type=\"widget\" data-widget_type=\"spacer.default\">\n\t\t\t\t<div class=\"elementor-widget-container\">\n\t\t\t\t\t\t\t<div class=\"elementor-spacer\">\n\t\t\t<div class=\"elementor-spacer-inner\"><\/div>\n\t\t<\/div>\n\t\t\t\t\t\t<\/div>\n\t\t\t\t<\/div>\n\t\t\t\t\t<\/div>\n\t\t<\/div>\n\t\t\t\t\t<\/div>\n\t\t<\/section>\n\t\t\t\t<\/div>","protected":false},"excerpt":{"rendered":"<p>Qu\u00e9 encontrar\u00e1s View Museo Taller Exposici\u00f3n, Talleres Museo Taller abre sus puertas en Puerto Octay, ofreciendo una visita guiada por su colecci\u00f3n de herramientas de carpinter\u00eda y un taller pr\u00e1ctico para realizar un jueguete de madera. De martes a domingo 10:00 a 20:00 horas Ver&hellip;<\/p>","protected":false},"author":1,"featured_media":0,"parent":0,"menu_order":0,"comment_status":"closed","ping_status":"closed","template":"","meta":{"footnotes":""},"class_list":["post-6287","page","type-page","status-publish","hentry"],"_links":{"self":[{"href":"https:\/\/galponesdeoctay.cl\/en\/wp-json\/wp\/v2\/pages\/6287","targetHints":{"allow":["GET"]}}],"collection":[{"href":"https:\/\/galponesdeoctay.cl\/en\/wp-json\/wp\/v2\/pages"}],"about":[{"href":"https:\/\/galponesdeoctay.cl\/en\/wp-json\/wp\/v2\/types\/page"}],"author":[{"embeddable":true,"href":"https:\/\/galponesdeoctay.cl\/en\/wp-json\/wp\/v2\/users\/1"}],"replies":[{"embeddable":true,"href":"https:\/\/galponesdeoctay.cl\/en\/wp-json\/wp\/v2\/comments?post=6287"}],"version-history":[{"count":35,"href":"https:\/\/galponesdeoctay.cl\/en\/wp-json\/wp\/v2\/pages\/6287\/revisions"}],"predecessor-version":[{"id":7003,"href":"https:\/\/galponesdeoctay.cl\/en\/wp-json\/wp\/v2\/pages\/6287\/revisions\/7003"}],"wp:attachment":[{"href":"https:\/\/galponesdeoctay.cl\/en\/wp-json\/wp\/v2\/media?parent=6287"}],"curies":[{"name":"wp","href":"https:\/\/api.w.org\/{rel}","templated":true}]}}