{"id":582,"date":"2019-06-05T09:44:51","date_gmt":"2019-06-05T09:44:51","guid":{"rendered":"https:\/\/galponesdeoctay.cl\/?post_type=product&#038;p=582"},"modified":"2026-01-08T01:59:14","modified_gmt":"2026-01-08T01:59:14","slug":"visita-general-y-taller","status":"publish","type":"product","link":"https:\/\/galponesdeoctay.cl\/en\/product\/visita-general-y-taller\/","title":{"rendered":"Visita general y taller"},"content":{"rendered":"<p>Tu entrada te permitir\u00e1:<br \/>\n1. Recorrer el sitio y conocer los galpones por dentro.<br \/>\n2. Visitar el taller de Botes de Octay<br \/>\n3. Vivir la experiencia de Museo Taller, donde cada persona podr\u00e1 sumergirse en el mundo de la madera y el papel visitando las colecciones de herramientas antiguas de carpinter\u00eda y de prensas y elementos propios de la impresi\u00f3n. La experiencia comienza con una introducci\u00f3n audiovisual y contin\u00faa con el recorrido por las colecciones. La actividad culmina con un taller pr\u00e1ctico en el que se construir\u00e1 un juguete de madera tipo mecano y luego se imprimir\u00e1 una vela de cartulina que complementa dicho juguete..<\/p>","protected":false},"excerpt":{"rendered":"<p>Entrada general para Galpones de Octay que te permitir\u00e1 recorerr el sitio, visitar los talleres de Botes de Octay, y vivir la experiencia de Museo Taller, que finaliza con un taller pr\u00e1ctico donde har\u00e1s un jueguete de madera.<\/p>","protected":false},"featured_media":0,"comment_status":"open","ping_status":"closed","template":"","meta":[],"product_brand":[],"product_cat":[39],"product_tag":[],"class_list":{"0":"post-582","1":"product","2":"type-product","3":"status-publish","5":"product_cat-talleres","6":"product_shipping_class-lightweight","8":"first","9":"instock","10":"shipping-taxable","11":"purchasable","12":"product-type-variable"},"_links":{"self":[{"href":"https:\/\/galponesdeoctay.cl\/en\/wp-json\/wp\/v2\/product\/582","targetHints":{"allow":["GET"]}}],"collection":[{"href":"https:\/\/galponesdeoctay.cl\/en\/wp-json\/wp\/v2\/product"}],"about":[{"href":"https:\/\/galponesdeoctay.cl\/en\/wp-json\/wp\/v2\/types\/product"}],"replies":[{"embeddable":true,"href":"https:\/\/galponesdeoctay.cl\/en\/wp-json\/wp\/v2\/comments?post=582"}],"version-history":[{"count":5,"href":"https:\/\/galponesdeoctay.cl\/en\/wp-json\/wp\/v2\/product\/582\/revisions"}],"predecessor-version":[{"id":6711,"href":"https:\/\/galponesdeoctay.cl\/en\/wp-json\/wp\/v2\/product\/582\/revisions\/6711"}],"wp:attachment":[{"href":"https:\/\/galponesdeoctay.cl\/en\/wp-json\/wp\/v2\/media?parent=582"}],"wp:term":[{"taxonomy":"product_brand","embeddable":true,"href":"https:\/\/galponesdeoctay.cl\/en\/wp-json\/wp\/v2\/product_brand?post=582"},{"taxonomy":"product_cat","embeddable":true,"href":"https:\/\/galponesdeoctay.cl\/en\/wp-json\/wp\/v2\/product_cat?post=582"},{"taxonomy":"product_tag","embeddable":true,"href":"https:\/\/galponesdeoctay.cl\/en\/wp-json\/wp\/v2\/product_tag?post=582"}],"curies":[{"name":"wp","href":"https:\/\/api.w.org\/{rel}","templated":true}]}}